{"id":6791,"date":"2021-05-26T17:24:01","date_gmt":"2021-05-26T15:24:01","guid":{"rendered":"https:\/\/www.hotel-avancher-valdisere.com\/nos-offres-ete\/"},"modified":"2026-03-18T17:38:06","modified_gmt":"2026-03-18T16:38:06","slug":"our-offers","status":"publish","type":"page","link":"https:\/\/www.hotel-avancher-valdisere.com\/en\/our-offers\/","title":{"rendered":"Our offers"},"content":{"rendered":"","protected":false},"excerpt":{"rendered":"","protected":false},"author":2,"featured_media":0,"parent":0,"menu_order":0,"comment_status":"closed","ping_status":"closed","template":"template-modules.php","meta":{"_acf_changed":false,"inline_featured_image":false,"footnotes":""},"class_list":["post-6791","page","type-page","status-publish","hentry"],"acf":[],"yoast_head":"<!-- This site is optimized with the Yoast SEO plugin v27.5 - https:\/\/yoast.com\/product\/yoast-seo-wordpress\/ -->\n<title>Our offers - Avancher<\/title>\n<meta name=\"robots\" content=\"index, follow, max-snippet:-1, max-image-preview:large, max-video-preview:-1\" \/>\n<link rel=\"canonical\" href=\"https:\/\/www.hotel-avancher-valdisere.com\/en\/our-offers\/\" \/>\n<meta property=\"og:locale\" content=\"en_US\" \/>\n<meta property=\"og:type\" content=\"article\" \/>\n<meta property=\"og:title\" content=\"Our offers - Avancher\" \/>\n<meta property=\"og:url\" content=\"https:\/\/www.hotel-avancher-valdisere.com\/en\/our-offers\/\" \/>\n<meta property=\"og:site_name\" content=\"Avancher\" \/>\n<meta property=\"article:publisher\" content=\"https:\/\/www.facebook.com\/hotelavancher\" \/>\n<meta property=\"article:modified_time\" content=\"2026-03-18T16:38:06+00:00\" \/>\n<meta name=\"twitter:card\" content=\"summary_large_image\" \/>\n<script type=\"application\/ld+json\" class=\"yoast-schema-graph\">{\"@context\":\"https:\\\/\\\/schema.org\",\"@graph\":[{\"@type\":\"WebPage\",\"@id\":\"https:\\\/\\\/www.hotel-avancher-valdisere.com\\\/en\\\/our-offers\\\/\",\"url\":\"https:\\\/\\\/www.hotel-avancher-valdisere.com\\\/en\\\/our-offers\\\/\",\"name\":\"Our offers - Avancher\",\"isPartOf\":{\"@id\":\"https:\\\/\\\/www.hotel-avancher-valdisere.com\\\/#website\"},\"datePublished\":\"2021-05-26T15:24:01+00:00\",\"dateModified\":\"2026-03-18T16:38:06+00:00\",\"breadcrumb\":{\"@id\":\"https:\\\/\\\/www.hotel-avancher-valdisere.com\\\/en\\\/our-offers\\\/#breadcrumb\"},\"inLanguage\":\"en-US\",\"potentialAction\":[{\"@type\":\"ReadAction\",\"target\":[\"https:\\\/\\\/www.hotel-avancher-valdisere.com\\\/en\\\/our-offers\\\/\"]}]},{\"@type\":\"BreadcrumbList\",\"@id\":\"https:\\\/\\\/www.hotel-avancher-valdisere.com\\\/en\\\/our-offers\\\/#breadcrumb\",\"itemListElement\":[{\"@type\":\"ListItem\",\"position\":1,\"name\":\"Accueil\",\"item\":\"https:\\\/\\\/www.hotel-avancher-valdisere.com\\\/en\\\/\"},{\"@type\":\"ListItem\",\"position\":2,\"name\":\"Our offers\"}]},{\"@type\":\"WebSite\",\"@id\":\"https:\\\/\\\/www.hotel-avancher-valdisere.com\\\/#website\",\"url\":\"https:\\\/\\\/www.hotel-avancher-valdisere.com\\\/\",\"name\":\"Avancher\",\"description\":\"H\u00f4tel restaurant \u00e0 val d&#039;is\u00e8re\",\"potentialAction\":[{\"@type\":\"SearchAction\",\"target\":{\"@type\":\"EntryPoint\",\"urlTemplate\":\"https:\\\/\\\/www.hotel-avancher-valdisere.com\\\/?s={search_term_string}\"},\"query-input\":{\"@type\":\"PropertyValueSpecification\",\"valueRequired\":true,\"valueName\":\"search_term_string\"}}],\"inLanguage\":\"en-US\"}]}<\/script>\n<!-- \/ Yoast SEO plugin. -->","yoast_head_json":{"title":"Our offers - Avancher","robots":{"index":"index","follow":"follow","max-snippet":"max-snippet:-1","max-image-preview":"max-image-preview:large","max-video-preview":"max-video-preview:-1"},"canonical":"https:\/\/www.hotel-avancher-valdisere.com\/en\/our-offers\/","og_locale":"en_US","og_type":"article","og_title":"Our offers - Avancher","og_url":"https:\/\/www.hotel-avancher-valdisere.com\/en\/our-offers\/","og_site_name":"Avancher","article_publisher":"https:\/\/www.facebook.com\/hotelavancher","article_modified_time":"2026-03-18T16:38:06+00:00","twitter_card":"summary_large_image","schema":{"@context":"https:\/\/schema.org","@graph":[{"@type":"WebPage","@id":"https:\/\/www.hotel-avancher-valdisere.com\/en\/our-offers\/","url":"https:\/\/www.hotel-avancher-valdisere.com\/en\/our-offers\/","name":"Our offers - Avancher","isPartOf":{"@id":"https:\/\/www.hotel-avancher-valdisere.com\/#website"},"datePublished":"2021-05-26T15:24:01+00:00","dateModified":"2026-03-18T16:38:06+00:00","breadcrumb":{"@id":"https:\/\/www.hotel-avancher-valdisere.com\/en\/our-offers\/#breadcrumb"},"inLanguage":"en-US","potentialAction":[{"@type":"ReadAction","target":["https:\/\/www.hotel-avancher-valdisere.com\/en\/our-offers\/"]}]},{"@type":"BreadcrumbList","@id":"https:\/\/www.hotel-avancher-valdisere.com\/en\/our-offers\/#breadcrumb","itemListElement":[{"@type":"ListItem","position":1,"name":"Accueil","item":"https:\/\/www.hotel-avancher-valdisere.com\/en\/"},{"@type":"ListItem","position":2,"name":"Our offers"}]},{"@type":"WebSite","@id":"https:\/\/www.hotel-avancher-valdisere.com\/#website","url":"https:\/\/www.hotel-avancher-valdisere.com\/","name":"Avancher","description":"H\u00f4tel restaurant \u00e0 val d&#039;is\u00e8re","potentialAction":[{"@type":"SearchAction","target":{"@type":"EntryPoint","urlTemplate":"https:\/\/www.hotel-avancher-valdisere.com\/?s={search_term_string}"},"query-input":{"@type":"PropertyValueSpecification","valueRequired":true,"valueName":"search_term_string"}}],"inLanguage":"en-US"}]}},"_links":{"self":[{"href":"https:\/\/www.hotel-avancher-valdisere.com\/en\/wp-json\/wp\/v2\/pages\/6791","targetHints":{"allow":["GET"]}}],"collection":[{"href":"https:\/\/www.hotel-avancher-valdisere.com\/en\/wp-json\/wp\/v2\/pages"}],"about":[{"href":"https:\/\/www.hotel-avancher-valdisere.com\/en\/wp-json\/wp\/v2\/types\/page"}],"author":[{"embeddable":true,"href":"https:\/\/www.hotel-avancher-valdisere.com\/en\/wp-json\/wp\/v2\/users\/2"}],"replies":[{"embeddable":true,"href":"https:\/\/www.hotel-avancher-valdisere.com\/en\/wp-json\/wp\/v2\/comments?post=6791"}],"version-history":[{"count":6,"href":"https:\/\/www.hotel-avancher-valdisere.com\/en\/wp-json\/wp\/v2\/pages\/6791\/revisions"}],"predecessor-version":[{"id":47211,"href":"https:\/\/www.hotel-avancher-valdisere.com\/en\/wp-json\/wp\/v2\/pages\/6791\/revisions\/47211"}],"wp:attachment":[{"href":"https:\/\/www.hotel-avancher-valdisere.com\/en\/wp-json\/wp\/v2\/media?parent=6791"}],"curies":[{"name":"wp","href":"https:\/\/api.w.org\/{rel}","templated":true}]}}